{"id":390,"date":"2021-08-11T11:18:34","date_gmt":"2021-08-11T14:18:34","guid":{"rendered":"https:\/\/planoziigo.com.br\/fortaleza\/?page_id=390"},"modified":"2021-08-20T15:41:14","modified_gmt":"2021-08-20T18:41:14","slug":"condicoes-de-uso","status":"publish","type":"page","link":"https:\/\/planoziigo.com.br\/fortaleza\/condicoes-de-uso\/","title":{"rendered":"Condi\u00e7\u00f5es de uso"},"content":{"rendered":"\t\t<div data-elementor-type=\"wp-page\" data-elementor-id=\"390\" class=\"elementor elementor-390\" data-elementor-settings=\"[]\">\n\t\t\t\t\t\t\t<div class=\"elementor-section-wrap\">\n\t\t\t\t\t\t\t<section class=\"elementor-section elementor-top-section elementor-element elementor-element-72183868 elementor-section-boxed elementor-section-height-default elementor-section-height-default\" data-id=\"72183868\" data-element_type=\"section\" data-settings=\"{&quot;background_background&quot;:&quot;classic&quot;}\">\n\t\t\t\t\t\t\t<div class=\"elementor-background-overlay\"><\/div>\n\t\t\t\t\t\t\t<div class=\"elementor-container elementor-column-gap-default\">\n\t\t\t\t\t<div class=\"elementor-column elementor-col-100 elementor-top-column elementor-element elementor-element-75e7cc35\" data-id=\"75e7cc35\" data-element_type=\"column\">\n\t\t\t<div class=\"elementor-widget-wrap elementor-element-populated\">\n\t\t\t\t\t\t\t\t<div class=\"elementor-element elementor-element-28edcb0a elementor-invisible elementor-widget elementor-widget-heading\" data-id=\"28edcb0a\" data-element_type=\"widget\" data-settings=\"{&quot;_animation&quot;:&quot;fadeInRight&quot;}\" data-widget_type=\"heading.default\">\n\t\t\t\t<div class=\"elementor-widget-container\">\n\t\t\t<h1 class=\"elementor-heading-title elementor-size-default\">Condi\u00e7\u00f5es de uso<\/h1>\t\t<\/div>\n\t\t\t\t<\/div>\n\t\t\t\t\t<\/div>\n\t\t<\/div>\n\t\t\t\t\t\t\t<\/div>\n\t\t<\/section>\n\t\t\t\t<section class=\"elementor-section elementor-top-section elementor-element elementor-element-5988514f elementor-section-boxed elementor-section-height-default elementor-section-height-default\" data-id=\"5988514f\" data-element_type=\"section\">\n\t\t\t\t\t\t<div class=\"elementor-container elementor-column-gap-default\">\n\t\t\t\t\t<div class=\"elementor-column elementor-col-100 elementor-top-column elementor-element elementor-element-108d867d elementor-invisible\" data-id=\"108d867d\" data-element_type=\"column\" data-settings=\"{&quot;animation&quot;:&quot;fadeInLeft&quot;}\">\n\t\t\t<div class=\"elementor-widget-wrap elementor-element-populated\">\n\t\t\t\t\t\t\t\t<div class=\"elementor-element elementor-element-c3d3320 elementor-widget elementor-widget-text-editor\" data-id=\"c3d3320\" data-element_type=\"widget\" data-widget_type=\"text-editor.default\">\n\t\t\t\t<div class=\"elementor-widget-container\">\n\t\t\t\t\t\t\t<p>Ao utilizar os Servi\u00e7os do Plano Ziigo, voc\u00ea concorda com estas condi\u00e7\u00f5es. Por favor, leia tudo cuidadosamente. Caso n\u00e3o concorde com estas condi\u00e7\u00f5es, n\u00e3o utilize os Servi\u00e7os do Plano Ziigo.<\/p><p>\u00a0<\/p><h4>Privacidade<\/h4><p>Para entender os nossos padr\u00f5es relativos \u00e0 privacidade, por favor, examine a Pol\u00edtica de Privacidade, que tamb\u00e9m rege a utiliza\u00e7\u00e3o dos Servi\u00e7os do Plano Ziigo.<\/p><p>\u00a0<\/p><h4>Comunica\u00e7\u00f5es Eletr\u00f4nicas<\/h4><p>Ao utilizar qualquer dos Servi\u00e7os do Plano Ziigo, ou ao nos enviar e-mails, mensagens de texto (SMS), ou outros tipos de comunica\u00e7\u00e3o a partir de qualquer aparelho eletr\u00f4nico, voc\u00ea se comunicar\u00e1 eletronicamente conosco. Voc\u00ea nos autoriza a enviar-lhe comunica\u00e7\u00f5es eletr\u00f4nicas por v\u00e1rios meios, tais quais e-mail, mensagens de texto (SMS), mensagens \u201cpush\u201d em aplicativos, ou ao postar informa\u00e7\u00f5es neste website. Voc\u00ea concorda que quaisquer contratos, notifica\u00e7\u00f5es, mensagens, divulga\u00e7\u00f5es e demais comunica\u00e7\u00f5es entregues a voc\u00ea eletronicamente satisfazem todas as exig\u00eancias legais de que tal comunica\u00e7\u00e3o seja feita por escrito.<\/p><p>\u00a0<\/p><h4>Direito Autoral<\/h4><p>Todo conte\u00fado inclu\u00eddo em ou disponibilizado por qualquer dos Servi\u00e7os do Plano Ziigo (como textos, logotipos, \u00edcones, imagens, clipes de \u00e1udio, downloads digitais e compila\u00e7\u00f5es de dados) \u00e9 de propriedade do Plano Ziigo ou de seus fornecedores de conte\u00fado e \u00e9 protegido por normas locais e internacionais relativas a direitos autorais.<\/p><p>\u00a0<\/p><h4>Marcas Registradas<\/h4><p>Gr\u00e1ficos, logotipos, t\u00edtulos de p\u00e1gina, \u00edcones, scripts e nomes de servi\u00e7o inclu\u00eddos ou disponibilizados por meio de qualquer Servi\u00e7o do Plano Ziigo s\u00e3o marcas registradas ou nomes de fantasia do Plano Ziigo e\/ou de seus fornecedores de conte\u00fado. As marcas registradas ou nomes de fantasia do Plano Ziigo n\u00e3o poder\u00e3o ser utilizadas em rela\u00e7\u00e3o a qualquer produto ou servi\u00e7o que n\u00e3o seja do Plano Ziigo de forma a causar confus\u00e3o entre os usu\u00e1rios\/clientes, ou de maneira depreciativa ou difamat\u00f3ria para o Plano Ziigo. Todas as demais marcas registradas n\u00e3o detidas pelo Plano Ziigo que apare\u00e7am em qualquer dos Servi\u00e7os do Plano Ziigo s\u00e3o de propriedade de seus respectivos titulares, que poder\u00e3o ou n\u00e3o ser afiliados do Plano Ziigo, relacionados a ela ou por ela apoiados.<\/p><p>\u00a0<\/p><h4>Autoriza\u00e7\u00e3o e Acesso<\/h4><p>Sujeito ao cumprimento destas Condi\u00e7\u00f5es de Uso, o Plano Ziigo ou seus fornecedores de conte\u00fado concedem a voc\u00ea uma autoriza\u00e7\u00e3o (limitada, n\u00e3o exclusiva, n\u00e3o transfer\u00edvel, n\u00e3o sublicenci\u00e1vel), para acessar e fazer uso pessoal (para fins n\u00e3o comerciais) dos Servi\u00e7os do Plano Ziigo. Esta autoriza\u00e7\u00e3o n\u00e3o abrange: (i) a revenda ou uso comercial de qualquer Servi\u00e7o do Plano Ziigo ou de seu conte\u00fado, (b) a obten\u00e7\u00e3o ou uso de quaisquer listas de produtos, descri\u00e7\u00f5es ou pre\u00e7os, (c) qualquer uso derivado de qualquer Servi\u00e7o do Plano Ziigo ou de seu conte\u00fado; (d) qualquer coleta de dados, rob\u00f4s ou quaisquer outras ferramentas de extra\u00e7\u00e3o de dados. Todos os direitos n\u00e3o expressamente concedidos a voc\u00ea nestas Condi\u00e7\u00f5es de Uso ou em quaisquer Condi\u00e7\u00f5es Gerais do Produto s\u00e3o reservados e retidos pelo Plano Ziigo ou pelos respectivos licenciadores, fornecedores, detentores de direitos ou outros fornecedores de conte\u00fado. Nenhum Servi\u00e7o do Plano Ziigo poder\u00e1 ser reproduzido, duplicado, copiado, vendido, revendido, visitado ou de outro modo explorado para qualquer finalidade comercial sem o consentimento expresso e escrito do Plano Ziigo. Voc\u00ea n\u00e3o poder\u00e1 utilizar \u201cframing\u201d ou outras t\u00e9cnicas \u201cframing\u201d incorporando qualquer marca registrada, logotipo ou outra informa\u00e7\u00e3o exclusiva (inclusive imagens, textos, layout de p\u00e1gina ou formul\u00e1rio) do Plano Ziigo ou de seus parceiros sem o consentimento expresso e escrito do Plano Ziigo. Voc\u00ea n\u00e3o poder\u00e1 utilizar os Servi\u00e7os do Plano Ziigo de forma inapropriada. Voc\u00ea poder\u00e1 utilizar os Servi\u00e7os do Plano Ziigo somente na extens\u00e3o permitida por lei. As licen\u00e7as ou autoriza\u00e7\u00f5es concedidas pelo Plano Ziigo ser\u00e3o revogadas em caso de descumprimento destas Condi\u00e7\u00f5es de Uso ou de quaisquer pol\u00edticas relacionadas ao Plano Ziigo.<\/p><p>\u00a0<\/p><h4>Sua Conta<\/h4><p>Ao utilizar qualquer Servi\u00e7o do Plano Ziigo, voc\u00ea \u00e9 respons\u00e1vel por manter a confidencialidade de sua conta e senha e restringir o acesso ao seu computador, e responsabiliza-se por todas as atividades que ocorram com sua conta ou sua senha. O Plano Ziigo n\u00e3o vende produtos para crian\u00e7as, mas os vende para adultos, que podem comprar com cart\u00e3o de cr\u00e9dito ou outro meio de pagamento autorizado. Se tiver menos de 18 anos, voc\u00ea somente poder\u00e1 utilizar os Servi\u00e7os do Plano Ziigo com a participa\u00e7\u00e3o de um de seus pais ou respons\u00e1vel. O Plano Ziigo reserva-se o direito de recusar o servi\u00e7o, encerrar contas, remover ou editar conte\u00fado, ou cancelar pedidos a seu crit\u00e9rio exclusivo.<\/p><p>\u00a0<\/p><h4>Venda de Produtos para Uso Pr\u00f3prio \/ Proibida Revenda<\/h4><p>Os produtos vendidos pelo nosso website s\u00e3o destinados somente para consumo dos respectivos compradores e n\u00e3o para revenda futura ou para fins comerciais. Se voc\u00ea estiver comprando produtos em nosso website para revenda ou para fins comerciais, n\u00f3s poderemos tomar as medidas cab\u00edveis, dentre elas, suspens\u00e3o ou cancelamento da sua conta.<\/p><p>\u00a0<\/p><h4>Avalia\u00e7\u00f5es, Coment\u00e1rios, Comunica\u00e7\u00f5es<\/h4><p>Usu\u00e1rios\/clientes poder\u00e3o postar avalia\u00e7\u00f5es, coment\u00e1rios, enviar comunica\u00e7\u00f5es e enviar sugest\u00f5es, ideias, coment\u00e1rios, perguntas ou outras informa\u00e7\u00f5es, desde que o conte\u00fado n\u00e3o seja ilegal, obsceno, amea\u00e7ador, difamat\u00f3rio, invada a privacidade, infrinja direitos autorais ou de propriedade intelectual ou que de outro modo seja prejudicial a terceiros ou pass\u00edvel de questionamentos, e desde que n\u00e3o consista em ou contenha v\u00edrus de software, campanhas pol\u00edticas, solicita\u00e7\u00f5es comerciais, correntes, correio em massa ou qualquer outra forma de &#8220;spam&#8221;. Voc\u00ea n\u00e3o poder\u00e1 utilizar um endere\u00e7o de e-mail falso, fingir ser outra pessoa f\u00edsica ou jur\u00eddica ou de qualquer outro modo prestar informa\u00e7\u00f5es falsas sobre a origem de conte\u00fado. O Plano Ziigo reserva-se o direito (mas n\u00e3o a obriga\u00e7\u00e3o) de remover ou editar esse conte\u00fado, mas n\u00e3o analisa regularmente o conte\u00fado postado.<\/p><p>Ao postar conte\u00fado ou enviar materiais e, a menos que indiquemos de outro modo, voc\u00ea concede ao Plano Ziigo um direito n\u00e3o exclusivo, gratuito, perp\u00e9tuo (por exemplo, por todo o tempo de prote\u00e7\u00e3o legal), irrevog\u00e1vel e totalmente sublicenci\u00e1vel para utilizar, reproduzir, modificar, adaptar, publicar, traduzir, criar trabalhos derivados, distribuir e exibir esse conte\u00fado, em qualquer meio (incluindo, mas n\u00e3o se limitando a, p\u00e1ginas exibidas na rede mundial de computadores ou redes similares, acess\u00edveis por computadores, telefones celulares, tablets, leitores de livros eletr\u00f4nicos e outros dispositivos eletr\u00f4nicos). Voc\u00ea concede ao Plano Ziigo e a eventuais sublicenciados o direito de utilizar o nome que voc\u00ea informou em rela\u00e7\u00e3o a esse conte\u00fado, caso o Plano Ziigo ou sublicenciados assim decidam faz\u00ea-lo. Voc\u00ea declara e garante que (i) det\u00e9m ou de outro modo controla todos os direitos relativos ao conte\u00fado que voc\u00ea postar, (ii) que o conte\u00fado \u00e9 exato, (iii) que o uso do conte\u00fado que voc\u00ea disponibilizar n\u00e3o viola esta pol\u00edtica e n\u00e3o causar\u00e1 danos a qualquer pessoa f\u00edsica ou jur\u00eddica e (iv) que voc\u00ea indenizar\u00e1 ao Plano Ziigo por perdas, danos e despesas relativas a ou decorrentes de demandas oriundas de conte\u00fado que voc\u00ea fornecer. O Plano Ziigo tem o direito, mas n\u00e3o a obriga\u00e7\u00e3o, de monitorar e editar ou remover qualquer atividade ou conte\u00fado. O Plano Ziigo n\u00e3o assume responsabilidade quanto a qualquer conte\u00fado postado por voc\u00ea ou por terceiros.<\/p><p>\u00a0<\/p><h4>Pre\u00e7os<\/h4><p>Os pre\u00e7os exibidos em p\u00e1ginas de produtos ou Servi\u00e7os do Plano Ziigo podem sofrer varia\u00e7\u00f5es a qualquer tempo. O pre\u00e7o informado \u00e9 v\u00e1lido apenas para compra quando o produto \u00e9 exibido, e desde que o produto esteja dispon\u00edvel em estoque. O Plano Ziigo poder\u00e1 alterar o pre\u00e7o a qualquer momento, para mais ou para menos. A conclus\u00e3o da transa\u00e7\u00e3o estar\u00e1 sempre sujeita \u00e0 disponibilidade do produto em nossos estoques.<\/p><p>\u00a0<\/p><h4>Outros Neg\u00f3cios<\/h4><p>Fornecemos links para os sites de outras empresas (relacionadas ou n\u00e3o ao Plano Ziigo). N\u00e3o somos respons\u00e1veis por examinar ou avaliar e n\u00e3o garantimos as ofertas de quaisquer dessas empresas, ou o conte\u00fado de seus sites. O Plano Ziigo n\u00e3o assume qualquer responsabilidade pelas a\u00e7\u00f5es, produtos e conte\u00fado desses e de quaisquer terceiros. Voc\u00ea deve analisar cuidadosamente as pol\u00edticas de privacidade e demais Condi\u00e7\u00f5es de Uso destes terceiros.<\/p><p>\u00a0<\/p><h4>Intercepta\u00e7\u00e3o ou Acesso N\u00e3o Autorizado<\/h4><p>No caso, improv\u00e1vel, de intercepta\u00e7\u00e3o ou acesso n\u00e3o autorizado, apesar dos nossos esfor\u00e7os, o Plano Ziigo n\u00e3o ser\u00e1 respons\u00e1vel por tais intercepta\u00e7\u00f5es ou acessos n\u00e3o autorizados, ou por qualquer dano direto, indireto, moral ou lucros cessantes sofridos por um usu\u00e1rio\/cliente do nosso website ou por terceiros. Ainda que o Plano Ziigo possa vir a ser previamente avisada da possibilidade de tais danos, ao Plano Ziigo n\u00e3o garante, expressa ou implicitamente, que as informa\u00e7\u00f5es fornecidas por qualquer usu\u00e1rio n\u00e3o ser\u00e3o objeto de intercepta\u00e7\u00e3o ou acesso n\u00e3o autorizado.<\/p><p>\u00a0<\/p><h4>Termos de Software do Plano Ziigo<\/h4><p>Al\u00e9m destas Condi\u00e7\u00f5es de Uso, os termos encontrados abaixo se aplicam a qualquer software (inclusive quaisquer atualiza\u00e7\u00f5es ou upgrades do software e qualquer documenta\u00e7\u00e3o correlata) que disponibilizamos a voc\u00ea de tempos em tempos para seu uso em rela\u00e7\u00e3o a quaisquer Servi\u00e7os do Plano Ziigo (&#8220;Software do Plano Ziigo&#8221;):<\/p><ol><li>Uso do Software do PLano Ziigo: Voc\u00ea poder\u00e1 utilizar o Software do Plano Ziigo exclusivamente em conex\u00e3o com uso dos Servi\u00e7os do Plano Ziigo, conforme estipulado pelo Plano Ziigo, e conforme permitido pelas Condi\u00e7\u00f5es de Uso e por estes Termos de Software. Voc\u00ea n\u00e3o poder\u00e1 incorporar qualquer parte do Software do Plano Ziigo em seus pr\u00f3prios programas ou compilar qualquer parte dele em combina\u00e7\u00e3o com seus pr\u00f3prios programas, transferi-lo para uso com outro servi\u00e7o, ou vender, alugar, arrendar, emprestar, distribuir ou sublicenciar o Software do Plano Ziigo ou de outro modo ceder quaisquer direitos ao Software do Plano Ziigo no todo ou em parte. Voc\u00ea n\u00e3o poder\u00e1 utilizar o Software do Plano Ziigo para qualquer fim ilegal. Podemos deixar de fornecer qualquer Software do Plano Ziigo e revogar seu direito de utilizar qualquer Software do Plano Ziigo a qualquer momento. Seus direitos de utilizar o Software do Plano Ziigo terminar\u00e3o automaticamente sem notifica\u00e7\u00e3o da nossa parte se voc\u00ea n\u00e3o cumprir quaisquer destes Termos de Software, as Condi\u00e7\u00f5es de Uso ou quaisquer outras pol\u00edticas do Plano Ziigo. Termos adicionais de terceiros contidos em ou distribu\u00eddos com determinado Software do Plano Ziigo identificados em documenta\u00e7\u00e3o correlata poder\u00e3o ser aplic\u00e1veis a um determinado Software do Plano Ziigo (ou software incorporado com o Software do Plano Ziigo) e reger\u00e3o o uso desse software no caso de conflito com estas Condi\u00e7\u00f5es de Uso. Todo software utilizado em qualquer Servi\u00e7o do Plano Ziigo ser\u00e1 de propriedade do Plano Ziigo ou seus fornecedores de software e protegido pela legisla\u00e7\u00e3o aplic\u00e1vel.<\/li><li>Uso de Servi\u00e7os de Terceiros: Quando voc\u00ea utilizar o Software do Plano Ziigo, voc\u00ea tamb\u00e9m poder\u00e1 estar utilizando servi\u00e7os de terceiros, tais como operadoras de servi\u00e7os sem fio ou plataformas de telefone m\u00f3vel. Seu uso desses servi\u00e7os de terceiros pode estar sujeito a pol\u00edticas, termos de uso e cobran\u00e7a por esses terceiros.<\/li><li>Nenhuma Engenharia Reversa: Voc\u00ea n\u00e3o poder\u00e1 e n\u00e3o incentivar\u00e1, auxiliar\u00e1 ou autorizar\u00e1 qualquer outra pessoa a copiar, modificar, realizar engenharia reversa, descompilar ou desmontar, ou de outro modo corromper o Software do Plano Ziigo no todo ou em parte, ou criar quaisquer trabalhos derivados a partir do Software do Plano Ziigo.<\/li><li>Atualiza\u00e7\u00f5es: Para manter o Software do Plano Ziigo atualizado, poderemos oferecer atualiza\u00e7\u00f5es manuais ou autom\u00e1ticas a qualquer momento sem notificar voc\u00ea.<\/li><\/ol><p>\u00a0<\/p><h4>Foro<\/h4><p>Em todos os casos em que uma cl\u00e1usula de elei\u00e7\u00e3o de foro for admitida, voc\u00ea concorda que quaisquer controv\u00e9rsias oriundas ou relativos ao uso de quaisquer Servi\u00e7os do Plano Ziigo ou a produtos adquiridos no nosso website ser\u00e3o resolvidas pelo foro da comarca de S\u00e3o Paulo (capital do Estado de S\u00e3o Paulo), com ren\u00fancia a qualquer outro, por mais privilegiado que seja.<\/p><p>\u00a0<\/p><h4>Lei Aplic\u00e1vel<\/h4><p>Ao utilizar qualquer Servi\u00e7o do Plano Ziigo e desde que tais servi\u00e7os sejam prestados diretamente pelo Plano Ziigo, voc\u00ea concorda que as leis do Brasil reger\u00e3o estas Condi\u00e7\u00f5es de Uso e qualquer controv\u00e9rsia que possa surgir entre voc\u00ea e o Plano Ziigo.<\/p><p>\u00a0<\/p><h4>Pol\u00edticas, Modifica\u00e7\u00e3o e Independ\u00eancia das Disposi\u00e7\u00f5es do Site<\/h4><p>Favor analisar nossas pol\u00edticas. Essas pol\u00edticas tamb\u00e9m regem seu uso dos Servi\u00e7os do Plano Ziigo. Reservamo-nos o direito de fazer mudan\u00e7as em nosso site, nas pol\u00edticas, e nestas Condi\u00e7\u00f5es de Uso a qualquer momento. Se voc\u00ea n\u00e3o concordar com as mudan\u00e7as, voc\u00ea n\u00e3o dever\u00e1 acessar ou utilizar os Servi\u00e7os do Plano Ziigo ofertados por meio do nosso website. Se qualquer dessas condi\u00e7\u00f5es for considerada inv\u00e1lida, nula ou por qualquer motivo inexequ\u00edvel, essa condi\u00e7\u00e3o ser\u00e1 considerada uma cl\u00e1usula separada e independente e n\u00e3o afetar\u00e1 a validade e exequibilidade de qualquer condi\u00e7\u00e3o remanescente.<\/p><p>\u00a0<\/p><h4>Nosso Endere\u00e7o<\/h4><p>Nosso endere\u00e7o eletr\u00f4nico \u00e9 www.planoziigo.com.br\/fortaleza e nosso endere\u00e7o comercial fica na Avenida Hor\u00e1cio Lafer, n\u00ba 160, conjunto 21 (parte) \u2013 S\u00e3o Paulo\/SP, CEP 04538-080.<\/p>\t\t\t\t\t\t<\/div>\n\t\t\t\t<\/div>\n\t\t\t\t\t<\/div>\n\t\t<\/div>\n\t\t\t\t\t\t\t<\/div>\n\t\t<\/section>\n\t\t\t\t\t\t<\/div>\n\t\t\t\t\t<\/div>\n\t\t","protected":false},"excerpt":{"rendered":"<p>Condi\u00e7\u00f5es de uso Ao utilizar os Servi\u00e7os do Plano Ziigo, voc\u00ea concorda com estas condi\u00e7\u00f5es. Por favor, leia tudo cuidadosamente. Caso n\u00e3o concorde com estas condi\u00e7\u00f5es, n\u00e3o utilize os Servi\u00e7os do Plano Ziigo. \u00a0 Privacidade Para entender os nossos padr\u00f5es relativos \u00e0 privacidade, por favor, examine a Pol\u00edtica de Privacidade, que tamb\u00e9m rege a utiliza\u00e7\u00e3o&hellip; <a class=\"more-link\" href=\"https:\/\/planoziigo.com.br\/fortaleza\/condicoes-de-uso\/\">Continuar lendo <span class=\"screen-reader-text\">Condi\u00e7\u00f5es de uso<\/span><\/a><\/p>\n","protected":false},"author":1,"featured_media":0,"parent":0,"menu_order":0,"comment_status":"closed","ping_status":"closed","template":"elementor_header_footer","meta":[],"yoast_head":"<!-- This site is optimized with the Yoast SEO plugin v17.0 - https:\/\/yoast.com\/wordpress\/plugins\/seo\/ -->\n<title>Condi\u00e7\u00f5es de uso - Plano Ziigo<\/title>\n<meta name=\"robots\" content=\"index, follow, max-snippet:-1, max-image-preview:large, max-video-preview:-1\" \/>\n<link rel=\"canonical\" href=\"https:\/\/planoziigo.com.br\/fortaleza\/condicoes-de-uso\/\" \/>\n<meta property=\"og:locale\" content=\"pt_BR\" \/>\n<meta property=\"og:type\" content=\"article\" \/>\n<meta property=\"og:title\" content=\"Condi\u00e7\u00f5es de uso - Plano Ziigo\" \/>\n<meta property=\"og:description\" content=\"Condi\u00e7\u00f5es de uso Ao utilizar os Servi\u00e7os do Plano Ziigo, voc\u00ea concorda com estas condi\u00e7\u00f5es. Por favor, leia tudo cuidadosamente. Caso n\u00e3o concorde com estas condi\u00e7\u00f5es, n\u00e3o utilize os Servi\u00e7os do Plano Ziigo. \u00a0 Privacidade Para entender os nossos padr\u00f5es relativos \u00e0 privacidade, por favor, examine a Pol\u00edtica de Privacidade, que tamb\u00e9m rege a utiliza\u00e7\u00e3o&hellip; Continuar lendo Condi\u00e7\u00f5es de uso\" \/>\n<meta property=\"og:url\" content=\"https:\/\/planoziigo.com.br\/fortaleza\/condicoes-de-uso\/\" \/>\n<meta property=\"og:site_name\" content=\"Plano Ziigo\" \/>\n<meta property=\"article:modified_time\" content=\"2021-08-20T18:41:14+00:00\" \/>\n<meta name=\"twitter:card\" content=\"summary_large_image\" \/>\n<meta name=\"twitter:label1\" content=\"Est. tempo de leitura\" \/>\n\t<meta name=\"twitter:data1\" content=\"9 minutos\" \/>\n<script type=\"application\/ld+json\" class=\"yoast-schema-graph\">{\"@context\":\"https:\/\/schema.org\",\"@graph\":[{\"@type\":\"WebSite\",\"@id\":\"https:\/\/planoziigo.com.br\/fortaleza\/#website\",\"url\":\"https:\/\/planoziigo.com.br\/fortaleza\/\",\"name\":\"Plano Ziigo\",\"description\":\"S\\u00f3 mais um site WordPress\",\"potentialAction\":[{\"@type\":\"SearchAction\",\"target\":{\"@type\":\"EntryPoint\",\"urlTemplate\":\"https:\/\/planoziigo.com.br\/fortaleza\/?s={search_term_string}\"},\"query-input\":\"required name=search_term_string\"}],\"inLanguage\":\"pt-BR\"},{\"@type\":\"WebPage\",\"@id\":\"https:\/\/planoziigo.com.br\/fortaleza\/condicoes-de-uso\/#webpage\",\"url\":\"https:\/\/planoziigo.com.br\/fortaleza\/condicoes-de-uso\/\",\"name\":\"Condi\\u00e7\\u00f5es de uso - Plano Ziigo\",\"isPartOf\":{\"@id\":\"https:\/\/planoziigo.com.br\/fortaleza\/#website\"},\"datePublished\":\"2021-08-11T14:18:34+00:00\",\"dateModified\":\"2021-08-20T18:41:14+00:00\",\"breadcrumb\":{\"@id\":\"https:\/\/planoziigo.com.br\/fortaleza\/condicoes-de-uso\/#breadcrumb\"},\"inLanguage\":\"pt-BR\",\"potentialAction\":[{\"@type\":\"ReadAction\",\"target\":[\"https:\/\/planoziigo.com.br\/fortaleza\/condicoes-de-uso\/\"]}]},{\"@type\":\"BreadcrumbList\",\"@id\":\"https:\/\/planoziigo.com.br\/fortaleza\/condicoes-de-uso\/#breadcrumb\",\"itemListElement\":[{\"@type\":\"ListItem\",\"position\":1,\"name\":\"Condi\\u00e7\\u00f5es de uso\"}]}]}<\/script>\n<!-- \/ Yoast SEO plugin. -->","yoast_head_json":{"title":"Condi\u00e7\u00f5es de uso - Plano Ziigo","robots":{"index":"index","follow":"follow","max-snippet":"max-snippet:-1","max-image-preview":"max-image-preview:large","max-video-preview":"max-video-preview:-1"},"canonical":"https:\/\/planoziigo.com.br\/fortaleza\/condicoes-de-uso\/","og_locale":"pt_BR","og_type":"article","og_title":"Condi\u00e7\u00f5es de uso - Plano Ziigo","og_description":"Condi\u00e7\u00f5es de uso Ao utilizar os Servi\u00e7os do Plano Ziigo, voc\u00ea concorda com estas condi\u00e7\u00f5es. Por favor, leia tudo cuidadosamente. Caso n\u00e3o concorde com estas condi\u00e7\u00f5es, n\u00e3o utilize os Servi\u00e7os do Plano Ziigo. \u00a0 Privacidade Para entender os nossos padr\u00f5es relativos \u00e0 privacidade, por favor, examine a Pol\u00edtica de Privacidade, que tamb\u00e9m rege a utiliza\u00e7\u00e3o&hellip; Continuar lendo Condi\u00e7\u00f5es de uso","og_url":"https:\/\/planoziigo.com.br\/fortaleza\/condicoes-de-uso\/","og_site_name":"Plano Ziigo","article_modified_time":"2021-08-20T18:41:14+00:00","twitter_card":"summary_large_image","twitter_misc":{"Est. tempo de leitura":"9 minutos"},"schema":{"@context":"https:\/\/schema.org","@graph":[{"@type":"WebSite","@id":"https:\/\/planoziigo.com.br\/fortaleza\/#website","url":"https:\/\/planoziigo.com.br\/fortaleza\/","name":"Plano Ziigo","description":"S\u00f3 mais um site WordPress","potentialAction":[{"@type":"SearchAction","target":{"@type":"EntryPoint","urlTemplate":"https:\/\/planoziigo.com.br\/fortaleza\/?s={search_term_string}"},"query-input":"required name=search_term_string"}],"inLanguage":"pt-BR"},{"@type":"WebPage","@id":"https:\/\/planoziigo.com.br\/fortaleza\/condicoes-de-uso\/#webpage","url":"https:\/\/planoziigo.com.br\/fortaleza\/condicoes-de-uso\/","name":"Condi\u00e7\u00f5es de uso - Plano Ziigo","isPartOf":{"@id":"https:\/\/planoziigo.com.br\/fortaleza\/#website"},"datePublished":"2021-08-11T14:18:34+00:00","dateModified":"2021-08-20T18:41:14+00:00","breadcrumb":{"@id":"https:\/\/planoziigo.com.br\/fortaleza\/condicoes-de-uso\/#breadcrumb"},"inLanguage":"pt-BR","potentialAction":[{"@type":"ReadAction","target":["https:\/\/planoziigo.com.br\/fortaleza\/condicoes-de-uso\/"]}]},{"@type":"BreadcrumbList","@id":"https:\/\/planoziigo.com.br\/fortaleza\/condicoes-de-uso\/#breadcrumb","itemListElement":[{"@type":"ListItem","position":1,"name":"Condi\u00e7\u00f5es de uso"}]}]}},"_links":{"self":[{"href":"https:\/\/planoziigo.com.br\/fortaleza\/wp-json\/wp\/v2\/pages\/390"}],"collection":[{"href":"https:\/\/planoziigo.com.br\/fortaleza\/wp-json\/wp\/v2\/pages"}],"about":[{"href":"https:\/\/planoziigo.com.br\/fortaleza\/wp-json\/wp\/v2\/types\/page"}],"author":[{"embeddable":true,"href":"https:\/\/planoziigo.com.br\/fortaleza\/wp-json\/wp\/v2\/users\/1"}],"replies":[{"embeddable":true,"href":"https:\/\/planoziigo.com.br\/fortaleza\/wp-json\/wp\/v2\/comments?post=390"}],"version-history":[{"count":16,"href":"https:\/\/planoziigo.com.br\/fortaleza\/wp-json\/wp\/v2\/pages\/390\/revisions"}],"predecessor-version":[{"id":1018,"href":"https:\/\/planoziigo.com.br\/fortaleza\/wp-json\/wp\/v2\/pages\/390\/revisions\/1018"}],"wp:attachment":[{"href":"https:\/\/planoziigo.com.br\/fortaleza\/wp-json\/wp\/v2\/media?parent=390"}],"curies":[{"name":"wp","href":"https:\/\/api.w.org\/{rel}","templated":true}]}}