{"id":385,"date":"2021-08-11T11:05:23","date_gmt":"2021-08-11T14:05:23","guid":{"rendered":"https:\/\/planoziigo.com.br\/fortaleza\/?page_id=385"},"modified":"2021-08-20T15:33:06","modified_gmt":"2021-08-20T18:33:06","slug":"politica-de-privacidade","status":"publish","type":"page","link":"https:\/\/planoziigo.com.br\/fortaleza\/politica-de-privacidade\/","title":{"rendered":"Pol\u00edtica de privacidade"},"content":{"rendered":"\t\t<div data-elementor-type=\"wp-page\" data-elementor-id=\"385\" class=\"elementor elementor-385\" data-elementor-settings=\"[]\">\n\t\t\t\t\t\t\t<div class=\"elementor-section-wrap\">\n\t\t\t\t\t\t\t<section class=\"elementor-section elementor-top-section elementor-element elementor-element-72183868 elementor-section-boxed elementor-section-height-default elementor-section-height-default\" data-id=\"72183868\" data-element_type=\"section\" data-settings=\"{&quot;background_background&quot;:&quot;classic&quot;}\">\n\t\t\t\t\t\t\t<div class=\"elementor-background-overlay\"><\/div>\n\t\t\t\t\t\t\t<div class=\"elementor-container elementor-column-gap-default\">\n\t\t\t\t\t<div class=\"elementor-column elementor-col-100 elementor-top-column elementor-element elementor-element-75e7cc35\" data-id=\"75e7cc35\" data-element_type=\"column\">\n\t\t\t<div class=\"elementor-widget-wrap elementor-element-populated\">\n\t\t\t\t\t\t\t\t<div class=\"elementor-element elementor-element-28edcb0a elementor-invisible elementor-widget elementor-widget-heading\" data-id=\"28edcb0a\" data-element_type=\"widget\" data-settings=\"{&quot;_animation&quot;:&quot;fadeInRight&quot;}\" data-widget_type=\"heading.default\">\n\t\t\t\t<div class=\"elementor-widget-container\">\n\t\t\t<h1 class=\"elementor-heading-title elementor-size-default\">Pol\u00edtica de privacidade<\/h1>\t\t<\/div>\n\t\t\t\t<\/div>\n\t\t\t\t\t<\/div>\n\t\t<\/div>\n\t\t\t\t\t\t\t<\/div>\n\t\t<\/section>\n\t\t\t\t<section class=\"elementor-section elementor-top-section elementor-element elementor-element-5988514f elementor-section-boxed elementor-section-height-default elementor-section-height-default\" data-id=\"5988514f\" data-element_type=\"section\">\n\t\t\t\t\t\t<div class=\"elementor-container elementor-column-gap-default\">\n\t\t\t\t\t<div class=\"elementor-column elementor-col-100 elementor-top-column elementor-element elementor-element-108d867d elementor-invisible\" data-id=\"108d867d\" data-element_type=\"column\" data-settings=\"{&quot;animation&quot;:&quot;fadeInLeft&quot;}\">\n\t\t\t<div class=\"elementor-widget-wrap elementor-element-populated\">\n\t\t\t\t\t\t\t\t<div class=\"elementor-element elementor-element-c3d3320 elementor-widget elementor-widget-text-editor\" data-id=\"c3d3320\" data-element_type=\"widget\" data-widget_type=\"text-editor.default\">\n\t\t\t\t<div class=\"elementor-widget-container\">\n\t\t\t\t\t\t\t<p>N\u00f3s sabemos da import\u00e2ncia que se deve dar \u00e0 forma como as informa\u00e7\u00f5es de nossos usu\u00e1rios s\u00e3o utilizadas e compartilhadas. Por isso, estabelecemos esta pol\u00edtica como parte de um conjunto de a\u00e7\u00f5es que t\u00eam por objetivo respeitar a privacidade e reservar o direito ao sigilo de identidade de cada usu\u00e1rio.<\/p><p>Ao visitar planoziigo.com.br\/fortaleza, todo e qualquer usu\u00e1rio aceita as pr\u00e1ticas descritas na presente Pol\u00edtica de Privacidade.<\/p><p>\u00a0<\/p><h4>1. INFORMA\u00c7\u00d5ES SOBRE NOSSOS USU\u00c1RIOS E CLIENTES<\/h4><p>As informa\u00e7\u00f5es obtidas dos usu\u00e1rios e clientes nos ajudam na continua melhoria de nossos servi\u00e7os. Coletamos as seguintes informa\u00e7\u00f5es abaixo indicadas:<\/p><p>Informa\u00e7\u00f5es fornecidas pelos usu\u00e1rios\/clientes: recebemos e armazenamos quaisquer informa\u00e7\u00f5es disponibilizadas em nosso site ou de qualquer outra forma fornecida pelos usu\u00e1rios e\/ou clientes. Usamos tais informa\u00e7\u00f5es para, por exemplo, responder solicita\u00e7\u00f5es espec\u00edficas do usu\u00e1rio\/cliente, personalizar futuras compras, melhorar nossos produtos e\/ou nos comunicar com nossos usu\u00e1rios\/clientes. O usu\u00e1rio\/cliente fornece a maioria das informa\u00e7\u00f5es quando busca, compra, posta, participa de um concurso ou question\u00e1rio ou quando se comunica com o servi\u00e7o ao cliente. Por exemplo, o usu\u00e1rio\/cliente fornece informa\u00e7\u00f5es quando busca um produto; faz uma compra no Plano Ziigo; fornece informa\u00e7\u00f5es em sua conta; se comunica conosco por telefone, e-mail ou de outro modo; utiliza nossos servi\u00e7os; faz avalia\u00e7\u00f5es e classifica\u00e7\u00f5es. Como resultado dessas medidas, o usu\u00e1rio\/cliente poder\u00e1 nos fornecer informa\u00e7\u00f5es como seu nome, endere\u00e7o e n\u00fameros de telefone; informa\u00e7\u00f5es sobre cart\u00e3o de cr\u00e9dito; conte\u00fado de avalia\u00e7\u00f5es e e-mails que nos foram enviados.<\/p><p>Informa\u00e7\u00f5es autom\u00e1ticas: recebemos e armazenamos determinadas informa\u00e7\u00f5es sempre que existe uma intera\u00e7\u00e3o junto ao nosso usu\u00e1rio\/cliente. Como muitos websites, utilizamos \u201ccookies\u201d (abaixo definidos) e obtemos determinados tipos de informa\u00e7\u00f5es quando seu navegador acessa a p\u00e1gina do Plano Ziigo ou an\u00fancios e outros conte\u00fados fornecidos pelo Plano Ziigo em outros websites. Exemplos das informa\u00e7\u00f5es que coletamos e analisamos incluem o endere\u00e7o de Protocolo de Internet (IP) utilizado para conectar seu computador \u00e0 Internet; log in; endere\u00e7o de e-mail; senha; informa\u00e7\u00f5es sobre computador e conex\u00e3o, como tipo de navegador, vers\u00e3o e fuso hor\u00e1rio, tipos e vers\u00e3o de plug-in de navegador, sistema operacional e plataforma; hist\u00f3rico de compras, que por vezes inclui informa\u00e7\u00f5es similares de outros clientes para criar fun\u00e7\u00f5es, como \u201cMais Vendidos\u201d; a totalidade do clickstream da Uniform Resource Locator (URL) para, atrav\u00e9s e a partir do nosso site, inclusive data e hor\u00e1rio; n\u00famero do cookie; produtos que o usu\u00e1rio\/cliente visualizou ou buscou; e o n\u00famero de telefone que utilizou para ligar para nosso setor de atendimento fonado. Podemos tamb\u00e9m utilizar dados de navegador, como cookies, cookies em Flash (tamb\u00e9m conhecidos como Flash Local Shared Objects), ou dados similares em determinadas partes do nosso site para prevenir fraude e para outras finalidades. Durante algumas visitas podemos utilizar ferramentas de software, como JavaScript, medir e coletar informa\u00e7\u00f5es de sess\u00e3o, inclusive tempos de resposta das p\u00e1ginas, erros de download, dura\u00e7\u00e3o das visitas a determinadas p\u00e1ginas, informa\u00e7\u00f5es de intera\u00e7\u00e3o com as p\u00e1ginas (tais como rolagem, cliques e movimentos de mouse), bem como m\u00e9todos utilizados para sair da p\u00e1gina.<\/p><p>Comunica\u00e7\u00f5es por e-mail: geralmente podemos mandar um pedido e receber uma confirma\u00e7\u00e3o de recebimento de e-mail quando o usu\u00e1rio\/cliente recebe um e-mail do Plano Ziigo. Tamb\u00e9m comparamos a nossa lista de e-mails com as listas recebidas de outras empresas em um esfor\u00e7o para evitar o envio de mensagens desnecess\u00e1rias.<\/p><p>Informa\u00e7\u00f5es de outras fontes: podemos receber informa\u00e7\u00f5es sobre o usu\u00e1rio\/cliente de outras fontes e adicion\u00e1-las em nosso banco de dados. Alguns exemplos de informa\u00e7\u00f5es que podemos receber de outras fontes s\u00e3o informa\u00e7\u00f5es de hist\u00f3rico de servi\u00e7os de cr\u00e9dito que utilizamos para ajudar a evitar e detectar fraude.<\/p><p>\u00a0<\/p><h4>2. COOKIES<\/h4><p>Cookies s\u00e3o identificadores \u00fanicos que transferimos para o dispositivo do usu\u00e1rio\/cliente para permitir que nossos sistemas reconhe\u00e7am tais dispositivos e passe a fornecer fun\u00e7\u00f5es, como compra com apenas um clique e recomenda\u00e7\u00f5es personalizadas.<\/p><p>A fun\u00e7\u00e3o &#8220;Ajuda&#8221; na maioria dos navegadores cont\u00e9m instru\u00e7\u00f5es sobre como evitar que o navegador aceite novos cookies, como fazer com que o navegador notifique o recebimento de um novo cookie ou como desabilitar todos os cookies de uma s\u00f3 vez. Al\u00e9m disso, o usu\u00e1rio\/cliente pode desabilitar ou apagar dados similares utilizados por add-ons de navegador, tais como cookies em Flash, alterando as configura\u00e7\u00f5es de add-on ou visitando o site do fabricante. Pelo fato de os cookies permitirem que o usu\u00e1rio\/cliente tire vantagem de algumas fun\u00e7\u00f5es essenciais do Plano Ziigo, recomendamos que permane\u00e7am habilitados. Por exemplo, se o usu\u00e1rio\/cliente bloquear ou de outro modo rejeitar nossos cookies, n\u00e3o conseguir\u00e1 utilizar nenhum produto ou servi\u00e7o do Plano Ziigo que exija que voc\u00ea fa\u00e7a Log In.<\/p><p>\u00a0<\/p><h4>3. COMPARTILHAMENTO PELO PLANO ZIIGO DAS INFORMA\u00c7\u00d5ES RECEBIDAS DOS USU\u00c1RIOS\/CLIENTES<\/h4><p>De nenhuma forma compartilhamos, comercializamos ou tiramos qualquer proveito econ\u00f4mico sobre as informa\u00e7\u00f5es recebidas de nossos usu\u00e1rios\/clientes. Compartilhamos as informa\u00e7\u00f5es somente conforme descrito abaixo:<\/p><p>Neg\u00f3cios afiliados que n\u00e3o controlamos: Trabalhamos estreitamente com neg\u00f3cios afiliados, de terceiros. Prestamos servi\u00e7os ou vendemos produtos em conjunto com esses neg\u00f3cios. Por\u00e9m, jamais compartilharemos as informa\u00e7\u00f5es do cliente relativas a essas transa\u00e7\u00f5es com terceiros.<\/p><p>Prestadores de servi\u00e7o terceiros: Empregamos outras empresas e pessoas terceirizadas para realizar fun\u00e7\u00f5es em nosso nome. Exemplos incluem envio de correio postal e e-mail, an\u00e1lise de dados, assist\u00eancia de marketing, resultados de busca e links (inclusive listas e links pagos), processamento de pagamentos com cart\u00e3o de cr\u00e9dito e assist\u00eancia a clientes. Utilizamos um rigoroso processo de compliance para controlar o acesso \u00e0s informa\u00e7\u00f5es pessoais necess\u00e1rias para realizar suas fun\u00e7\u00f5es, mas n\u00e3o podem utiliz\u00e1-las para outras finalidades.<\/p><p>Ofertas promocionais: Por vezes enviamos ofertas a grupos selecionados de clientes em nome de outras empresas. Quando fazemos isso, n\u00e3o fornecemos o nome e endere\u00e7o do cliente a essa empresa.<\/p><p>Transfer\u00eancia de neg\u00f3cios: Como estamos sempre desenvolvendo nosso neg\u00f3cio, podemos vender ou comprar novas unidades de neg\u00f3cios. Nessas transa\u00e7\u00f5es, as informa\u00e7\u00f5es dos clientes s\u00e3o geralmente um dos ativos comerciais transferidos, mas ficam sempre sujeitas \u00e0s promessas feitas em qualquer Notifica\u00e7\u00e3o de Privacidade feita (a menos, evidentemente, que o cliente autorize de outro modo). Al\u00e9m disso, caso o Plano Ziigo ou substancialmente a totalidade dos seus ativos sejam adquiridos, as informa\u00e7\u00f5es do cliente ser\u00e3o evidentemente um dos ativos transferidos.<\/p><p>Prote\u00e7\u00e3o do Plano Ziigo e terceiros: Liberamos informa\u00e7\u00f5es pessoais e sobre contas quando h\u00e1 determina\u00e7\u00e3o judicial para que ocorra que a libera\u00e7\u00e3o destes dados para o cumprimento da lei; executar ou aplicar nossos termos de uso e outros acordos; ou proteger os direitos, propriedade ou seguran\u00e7a do Plano Ziigo, ou usu\u00e1rios, ou clientes ou terceiros. Isso inclui troca de informa\u00e7\u00f5es com outras empresas e organiza\u00e7\u00f5es para prote\u00e7\u00e3o de fraude e redu\u00e7\u00e3o de riscos de cr\u00e9dito. Obviamente, contudo, isso n\u00e3o inclui a venda, aluguel, compartilhamento ou de outro modo divulga\u00e7\u00e3o de informa\u00e7\u00f5es pessoais de usu\u00e1rios\/clientes para fins comerciais em viola\u00e7\u00e3o dos compromissos estipulados nesta Pol\u00edtica de Privacidade.<\/p><p>O Plano Ziigo n\u00e3o fornece a terceiros dados sobre a identifica\u00e7\u00e3o individual de usu\u00e1rios\/clientes, sem seu pr\u00e9vio consentimento, exceto nos casos em que:<\/p><p>Haja determina\u00e7\u00e3o judicial para fornecimento de dados; e Exista a necessidade de identificar ou revelar dados do usu\u00e1rio\/cliente que esteja utilizando os seus sites com prop\u00f3sitos il\u00edcitos (intencionalmente ou n\u00e3o). Al\u00e9m dos casos acima citados, havendo a necessidade ou interesse em repassar a terceiros dados de identifica\u00e7\u00e3o individual dos usu\u00e1rios\/clientes, o Plano Ziigo lhes solicitar\u00e1 autoriza\u00e7\u00e3o pr\u00e9via.<\/p><p>Terceiros que, por ventura, receberem do Plano Ziigo informa\u00e7\u00f5es, de qualquer natureza, sobre os usu\u00e1rios\/clientes cabe, igualmente, a responsabilidade de zelar pelo sigilo e seguran\u00e7a das referidas informa\u00e7\u00f5es.<\/p><p>\u00a0<\/p><h4>4. ALTERNATIVAS DO USU\u00c1RIO\/CLIENTE COM RELA\u00c7\u00c3O \u00c0S INFORMA\u00c7\u00d5ES DISPON\u00cdVEIS NO NOSSO WEBSITE<\/h4><p>O Plano Ziigo fornece aos seus usu\u00e1rios\/clientes acesso a informa\u00e7\u00f5es sobre suas respectivas contas para fins limitados de visualizar e, em determinados casos, atualizar essas informa\u00e7\u00f5es.<\/p><p>O usu\u00e1rio\/cliente sempre poder\u00e1 escolher n\u00e3o fornecer informa\u00e7\u00f5es, mesmo quando necess\u00e1rio para fazer uma compra ou tirar vantagem das fun\u00e7\u00f5es do Plano Ziigo. Quando qualquer usu\u00e1rio\/cliente atualiza informa\u00e7\u00f5es, geralmente guardamos uma c\u00f3pia da vers\u00e3o anterior para nosso arquivo.<\/p><p>Se o usu\u00e1rio\/cliente n\u00e3o quiser receber e-mail ou outro correio de nossa parte, dever\u00e1 ajustar suas prefer\u00eancias e notifica\u00e7\u00f5es de e-mail. Importante mencionar que mesmo que o usu\u00e1rio\/cliente n\u00e3o desejar receber e-mail do Plano Ziigo, ainda reservamos o direito de enviar-lhe e-mail quando mudamos os Termos de Uso e outras pol\u00edticas internas, tais como Pol\u00edtica de Privacidade.<\/p><p>Alguns exemplos de informa\u00e7\u00f5es que o usu\u00e1rio\/cliente pode acessar facilmente no Plano Ziigo s\u00e3o informa\u00e7\u00f5es atualizadas relativas a pedidos recentes; informa\u00e7\u00f5es pessoais (inclusive nome, e-mail, endere\u00e7os e configura\u00e7\u00f5es para compras com apenas um clique); configura\u00e7\u00f5es de pagamento (inclusive informa\u00e7\u00f5es sobre cart\u00f5es de cr\u00e9dito); configura\u00e7\u00f5es de notifica\u00e7\u00e3o de e-mail.<\/p><p>\u00a0<\/p><h4>5. TERMOS DE USO, NOTIFICA\u00c7\u00d5ES E REVIS\u00d5ES<\/h4><p>Se decidir visitar o website do Plano Ziigo, a visita e qualquer controv\u00e9rsia relativa \u00e0 privacidade estar\u00e3o sujeitas a esta Pol\u00edtica de Privacidade e nosso Termo de Uso, e aplica\u00e7\u00e3o das leis do Brasil. Caso n\u00e3o concorde com nossas regras, voc\u00ea n\u00e3o dever\u00e1 acessar ou utilizar os servi\u00e7os ofertados pelo Plano Ziigo. A menos que informado de outro modo, nossa Pol\u00edtica de Privacidade se aplica a todas as informa\u00e7\u00f5es que possu\u00edmos sobre o usu\u00e1rio\/cliente e sua respectiva conta. Contudo, baseamo-nos nas promessas que fazemos, e nunca mudaremos de forma substancial nossas pol\u00edticas e pr\u00e1ticas de modo que elas protejam menos as informa\u00e7\u00f5es dos clientes coletadas no passado sem o consentimento dos clientes afetados.<\/p>\t\t\t\t\t\t<\/div>\n\t\t\t\t<\/div>\n\t\t\t\t\t<\/div>\n\t\t<\/div>\n\t\t\t\t\t\t\t<\/div>\n\t\t<\/section>\n\t\t\t\t\t\t<\/div>\n\t\t\t\t\t<\/div>\n\t\t","protected":false},"excerpt":{"rendered":"<p>Pol\u00edtica de privacidade N\u00f3s sabemos da import\u00e2ncia que se deve dar \u00e0 forma como as informa\u00e7\u00f5es de nossos usu\u00e1rios s\u00e3o utilizadas e compartilhadas. Por isso, estabelecemos esta pol\u00edtica como parte de um conjunto de a\u00e7\u00f5es que t\u00eam por objetivo respeitar a privacidade e reservar o direito ao sigilo de identidade de cada usu\u00e1rio. Ao visitar&hellip; <a class=\"more-link\" href=\"https:\/\/planoziigo.com.br\/fortaleza\/politica-de-privacidade\/\">Continuar lendo <span class=\"screen-reader-text\">Pol\u00edtica de privacidade<\/span><\/a><\/p>\n","protected":false},"author":1,"featured_media":0,"parent":0,"menu_order":0,"comment_status":"closed","ping_status":"closed","template":"elementor_header_footer","meta":[],"yoast_head":"<!-- This site is optimized with the Yoast SEO plugin v17.0 - https:\/\/yoast.com\/wordpress\/plugins\/seo\/ -->\n<title>Pol\u00edtica de privacidade - Plano Ziigo<\/title>\n<meta name=\"robots\" content=\"index, follow, max-snippet:-1, max-image-preview:large, max-video-preview:-1\" \/>\n<link rel=\"canonical\" href=\"https:\/\/planoziigo.com.br\/fortaleza\/politica-de-privacidade\/\" \/>\n<meta property=\"og:locale\" content=\"pt_BR\" \/>\n<meta property=\"og:type\" content=\"article\" \/>\n<meta property=\"og:title\" content=\"Pol\u00edtica de privacidade - Plano Ziigo\" \/>\n<meta property=\"og:description\" content=\"Pol\u00edtica de privacidade N\u00f3s sabemos da import\u00e2ncia que se deve dar \u00e0 forma como as informa\u00e7\u00f5es de nossos usu\u00e1rios s\u00e3o utilizadas e compartilhadas. Por isso, estabelecemos esta pol\u00edtica como parte de um conjunto de a\u00e7\u00f5es que t\u00eam por objetivo respeitar a privacidade e reservar o direito ao sigilo de identidade de cada usu\u00e1rio. Ao visitar&hellip; Continuar lendo Pol\u00edtica de privacidade\" \/>\n<meta property=\"og:url\" content=\"https:\/\/planoziigo.com.br\/fortaleza\/politica-de-privacidade\/\" \/>\n<meta property=\"og:site_name\" content=\"Plano Ziigo\" \/>\n<meta property=\"article:modified_time\" content=\"2021-08-20T18:33:06+00:00\" \/>\n<meta name=\"twitter:card\" content=\"summary_large_image\" \/>\n<meta name=\"twitter:label1\" content=\"Est. tempo de leitura\" \/>\n\t<meta name=\"twitter:data1\" content=\"7 minutos\" \/>\n<script type=\"application\/ld+json\" class=\"yoast-schema-graph\">{\"@context\":\"https:\/\/schema.org\",\"@graph\":[{\"@type\":\"WebSite\",\"@id\":\"https:\/\/planoziigo.com.br\/fortaleza\/#website\",\"url\":\"https:\/\/planoziigo.com.br\/fortaleza\/\",\"name\":\"Plano Ziigo\",\"description\":\"S\\u00f3 mais um site WordPress\",\"potentialAction\":[{\"@type\":\"SearchAction\",\"target\":{\"@type\":\"EntryPoint\",\"urlTemplate\":\"https:\/\/planoziigo.com.br\/fortaleza\/?s={search_term_string}\"},\"query-input\":\"required name=search_term_string\"}],\"inLanguage\":\"pt-BR\"},{\"@type\":\"WebPage\",\"@id\":\"https:\/\/planoziigo.com.br\/fortaleza\/politica-de-privacidade\/#webpage\",\"url\":\"https:\/\/planoziigo.com.br\/fortaleza\/politica-de-privacidade\/\",\"name\":\"Pol\\u00edtica de privacidade - Plano Ziigo\",\"isPartOf\":{\"@id\":\"https:\/\/planoziigo.com.br\/fortaleza\/#website\"},\"datePublished\":\"2021-08-11T14:05:23+00:00\",\"dateModified\":\"2021-08-20T18:33:06+00:00\",\"breadcrumb\":{\"@id\":\"https:\/\/planoziigo.com.br\/fortaleza\/politica-de-privacidade\/#breadcrumb\"},\"inLanguage\":\"pt-BR\",\"potentialAction\":[{\"@type\":\"ReadAction\",\"target\":[\"https:\/\/planoziigo.com.br\/fortaleza\/politica-de-privacidade\/\"]}]},{\"@type\":\"BreadcrumbList\",\"@id\":\"https:\/\/planoziigo.com.br\/fortaleza\/politica-de-privacidade\/#breadcrumb\",\"itemListElement\":[{\"@type\":\"ListItem\",\"position\":1,\"name\":\"Pol\\u00edtica de privacidade\"}]}]}<\/script>\n<!-- \/ Yoast SEO plugin. -->","yoast_head_json":{"title":"Pol\u00edtica de privacidade - Plano Ziigo","robots":{"index":"index","follow":"follow","max-snippet":"max-snippet:-1","max-image-preview":"max-image-preview:large","max-video-preview":"max-video-preview:-1"},"canonical":"https:\/\/planoziigo.com.br\/fortaleza\/politica-de-privacidade\/","og_locale":"pt_BR","og_type":"article","og_title":"Pol\u00edtica de privacidade - Plano Ziigo","og_description":"Pol\u00edtica de privacidade N\u00f3s sabemos da import\u00e2ncia que se deve dar \u00e0 forma como as informa\u00e7\u00f5es de nossos usu\u00e1rios s\u00e3o utilizadas e compartilhadas. Por isso, estabelecemos esta pol\u00edtica como parte de um conjunto de a\u00e7\u00f5es que t\u00eam por objetivo respeitar a privacidade e reservar o direito ao sigilo de identidade de cada usu\u00e1rio. Ao visitar&hellip; Continuar lendo Pol\u00edtica de privacidade","og_url":"https:\/\/planoziigo.com.br\/fortaleza\/politica-de-privacidade\/","og_site_name":"Plano Ziigo","article_modified_time":"2021-08-20T18:33:06+00:00","twitter_card":"summary_large_image","twitter_misc":{"Est. tempo de leitura":"7 minutos"},"schema":{"@context":"https:\/\/schema.org","@graph":[{"@type":"WebSite","@id":"https:\/\/planoziigo.com.br\/fortaleza\/#website","url":"https:\/\/planoziigo.com.br\/fortaleza\/","name":"Plano Ziigo","description":"S\u00f3 mais um site WordPress","potentialAction":[{"@type":"SearchAction","target":{"@type":"EntryPoint","urlTemplate":"https:\/\/planoziigo.com.br\/fortaleza\/?s={search_term_string}"},"query-input":"required name=search_term_string"}],"inLanguage":"pt-BR"},{"@type":"WebPage","@id":"https:\/\/planoziigo.com.br\/fortaleza\/politica-de-privacidade\/#webpage","url":"https:\/\/planoziigo.com.br\/fortaleza\/politica-de-privacidade\/","name":"Pol\u00edtica de privacidade - Plano Ziigo","isPartOf":{"@id":"https:\/\/planoziigo.com.br\/fortaleza\/#website"},"datePublished":"2021-08-11T14:05:23+00:00","dateModified":"2021-08-20T18:33:06+00:00","breadcrumb":{"@id":"https:\/\/planoziigo.com.br\/fortaleza\/politica-de-privacidade\/#breadcrumb"},"inLanguage":"pt-BR","potentialAction":[{"@type":"ReadAction","target":["https:\/\/planoziigo.com.br\/fortaleza\/politica-de-privacidade\/"]}]},{"@type":"BreadcrumbList","@id":"https:\/\/planoziigo.com.br\/fortaleza\/politica-de-privacidade\/#breadcrumb","itemListElement":[{"@type":"ListItem","position":1,"name":"Pol\u00edtica de privacidade"}]}]}},"_links":{"self":[{"href":"https:\/\/planoziigo.com.br\/fortaleza\/wp-json\/wp\/v2\/pages\/385"}],"collection":[{"href":"https:\/\/planoziigo.com.br\/fortaleza\/wp-json\/wp\/v2\/pages"}],"about":[{"href":"https:\/\/planoziigo.com.br\/fortaleza\/wp-json\/wp\/v2\/types\/page"}],"author":[{"embeddable":true,"href":"https:\/\/planoziigo.com.br\/fortaleza\/wp-json\/wp\/v2\/users\/1"}],"replies":[{"embeddable":true,"href":"https:\/\/planoziigo.com.br\/fortaleza\/wp-json\/wp\/v2\/comments?post=385"}],"version-history":[{"count":13,"href":"https:\/\/planoziigo.com.br\/fortaleza\/wp-json\/wp\/v2\/pages\/385\/revisions"}],"predecessor-version":[{"id":1005,"href":"https:\/\/planoziigo.com.br\/fortaleza\/wp-json\/wp\/v2\/pages\/385\/revisions\/1005"}],"wp:attachment":[{"href":"https:\/\/planoziigo.com.br\/fortaleza\/wp-json\/wp\/v2\/media?parent=385"}],"curies":[{"name":"wp","href":"https:\/\/api.w.org\/{rel}","templated":true}]}}