{"id":330,"date":"2021-08-10T16:42:55","date_gmt":"2021-08-10T19:42:55","guid":{"rendered":"https:\/\/planoziigo.com.br\/fortaleza\/?page_id=330"},"modified":"2021-08-20T15:42:26","modified_gmt":"2021-08-20T18:42:26","slug":"contato","status":"publish","type":"page","link":"https:\/\/planoziigo.com.br\/fortaleza\/contato\/","title":{"rendered":"Contato"},"content":{"rendered":"\t\t<div data-elementor-type=\"wp-page\" data-elementor-id=\"330\" class=\"elementor elementor-330\" data-elementor-settings=\"[]\">\n\t\t\t\t\t\t\t<div class=\"elementor-section-wrap\">\n\t\t\t\t\t\t\t<section class=\"elementor-section elementor-top-section elementor-element elementor-element-72183868 elementor-section-boxed elementor-section-height-default elementor-section-height-default\" data-id=\"72183868\" data-element_type=\"section\" data-settings=\"{&quot;background_background&quot;:&quot;classic&quot;}\">\n\t\t\t\t\t\t\t<div class=\"elementor-background-overlay\"><\/div>\n\t\t\t\t\t\t\t<div class=\"elementor-container elementor-column-gap-default\">\n\t\t\t\t\t<div class=\"elementor-column elementor-col-100 elementor-top-column elementor-element elementor-element-75e7cc35\" data-id=\"75e7cc35\" data-element_type=\"column\">\n\t\t\t<div class=\"elementor-widget-wrap elementor-element-populated\">\n\t\t\t\t\t\t\t\t<div class=\"elementor-element elementor-element-28edcb0a elementor-invisible elementor-widget elementor-widget-heading\" data-id=\"28edcb0a\" data-element_type=\"widget\" data-settings=\"{&quot;_animation&quot;:&quot;fadeInRight&quot;}\" data-widget_type=\"heading.default\">\n\t\t\t\t<div class=\"elementor-widget-container\">\n\t\t\t<h1 class=\"elementor-heading-title elementor-size-default\">Contato<\/h1>\t\t<\/div>\n\t\t\t\t<\/div>\n\t\t\t\t\t<\/div>\n\t\t<\/div>\n\t\t\t\t\t\t\t<\/div>\n\t\t<\/section>\n\t\t\t\t<section class=\"elementor-section elementor-top-section elementor-element elementor-element-17afb9c elementor-section-content-middle elementor-section-boxed elementor-section-height-default elementor-section-height-default\" data-id=\"17afb9c\" data-element_type=\"section\">\n\t\t\t\t\t\t\t<div class=\"elementor-background-overlay\"><\/div>\n\t\t\t\t\t\t\t<div class=\"elementor-container elementor-column-gap-default\">\n\t\t\t\t\t<div class=\"elementor-column elementor-col-50 elementor-top-column elementor-element elementor-element-9fd497c elementor-invisible\" data-id=\"9fd497c\" data-element_type=\"column\" data-settings=\"{&quot;background_background&quot;:&quot;classic&quot;,&quot;animation&quot;:&quot;fadeInUp&quot;}\">\n\t\t\t<div class=\"elementor-widget-wrap elementor-element-populated\">\n\t\t\t\t\t\t\t\t<div class=\"elementor-element elementor-element-7e28da4 elementor-widget elementor-widget-premium-contact-form\" data-id=\"7e28da4\" data-element_type=\"widget\" data-widget_type=\"premium-contact-form.default\">\n\t\t\t\t<div class=\"elementor-widget-container\">\n\t\t\t\r\n\t\t\t<div class=\"premium-cf7-container\">\r\n\t\t\t\t<div role=\"form\" class=\"wpcf7\" id=\"wpcf7-f338-o1\" lang=\"pt-BR\" dir=\"ltr\">\n<div class=\"screen-reader-response\"><p role=\"status\" aria-live=\"polite\" aria-atomic=\"true\"><\/p> <ul><\/ul><\/div>\n<form action=\"\/fortaleza\/wp-json\/wp\/v2\/pages\/330#wpcf7-f338-o1\" method=\"post\" class=\"wpcf7-form init\" novalidate=\"novalidate\" data-status=\"init\">\n<div style=\"display: none;\">\n<input type=\"hidden\" name=\"_wpcf7\" value=\"338\" \/>\n<input type=\"hidden\" name=\"_wpcf7_version\" value=\"5.4.2\" \/>\n<input type=\"hidden\" name=\"_wpcf7_locale\" value=\"pt_BR\" \/>\n<input type=\"hidden\" name=\"_wpcf7_unit_tag\" value=\"wpcf7-f338-o1\" \/>\n<input type=\"hidden\" name=\"_wpcf7_container_post\" value=\"0\" \/>\n<input type=\"hidden\" name=\"_wpcf7_posted_data_hash\" value=\"\" \/>\n<\/div>\n<p><label> Nome Completo*<br \/>\n    <span class=\"wpcf7-form-control-wrap your-name\"><input type=\"text\" name=\"your-name\" value=\"\" size=\"40\" class=\"wpcf7-form-control wpcf7-text wpcf7-validates-as-required\" aria-required=\"true\" aria-invalid=\"false\" placeholder=\"Informe seu nome completo\" \/><\/span> <\/label><\/p>\n<p><label> E-mail*<br \/>\n    <span class=\"wpcf7-form-control-wrap your-email\"><input type=\"email\" name=\"your-email\" value=\"\" size=\"40\" class=\"wpcf7-form-control wpcf7-text wpcf7-email wpcf7-validates-as-required wpcf7-validates-as-email\" aria-required=\"true\" aria-invalid=\"false\" placeholder=\"Informe seu e-mail\" \/><\/span> <\/label><\/p>\n<p><label> Celular*<br \/>\n    <span class=\"wpcf7-form-control-wrap your-cel\"><input type=\"tel\" name=\"your-cel\" value=\"\" size=\"40\" class=\"wpcf7-form-control wpcf7-text wpcf7-tel wpcf7-validates-as-required wpcf7-validates-as-tel\" aria-required=\"true\" aria-invalid=\"false\" placeholder=\"Informe seu celular\" \/><\/span> <\/label><\/p>\n<p><label> Mensagem*<br \/>\n    <span class=\"wpcf7-form-control-wrap your-message\"><textarea name=\"your-message\" cols=\"40\" rows=\"10\" class=\"wpcf7-form-control wpcf7-textarea\" aria-invalid=\"false\" placeholder=\"Como podemos te ajudar?\"><\/textarea><\/span> <\/label><\/p>\n<p><input type=\"submit\" value=\"Enviar\" class=\"wpcf7-form-control wpcf7-submit\" \/><\/p>\n<input type='hidden' class='wpcf7-pum' value='{\"closepopup\":false,\"closedelay\":0,\"openpopup\":false,\"openpopup_id\":0}' \/><div class=\"wpcf7-response-output\" aria-hidden=\"true\"><\/div><\/form><\/div>\t\t\t<\/div>\r\n\r\n\t\t\t\t\t<\/div>\n\t\t\t\t<\/div>\n\t\t\t\t\t<\/div>\n\t\t<\/div>\n\t\t\t\t<div class=\"elementor-column elementor-col-50 elementor-top-column elementor-element elementor-element-8ba8d90 elementor-invisible\" data-id=\"8ba8d90\" data-element_type=\"column\" data-settings=\"{&quot;animation&quot;:&quot;fadeInUp&quot;}\">\n\t\t\t<div class=\"elementor-widget-wrap elementor-element-populated\">\n\t\t\t\t\t\t\t\t<div class=\"elementor-element elementor-element-44f2a587 elementor-widget elementor-widget-image\" data-id=\"44f2a587\" data-element_type=\"widget\" data-widget_type=\"image.default\">\n\t\t\t\t<div class=\"elementor-widget-container\">\n\t\t\t\t\t\t\t\t\t\t\t\t\t\t\t<img width=\"1920\" height=\"1280\" src=\"https:\/\/planoziigo.com.br\/fortaleza\/wp-content\/uploads\/2021\/08\/contato.jpg\" class=\"attachment-full size-full\" alt=\"\" loading=\"lazy\" srcset=\"https:\/\/planoziigo.com.br\/fortaleza\/wp-content\/uploads\/2021\/08\/contato.jpg 1920w, https:\/\/planoziigo.com.br\/fortaleza\/wp-content\/uploads\/2021\/08\/contato-300x200.jpg 300w, https:\/\/planoziigo.com.br\/fortaleza\/wp-content\/uploads\/2021\/08\/contato-1024x683.jpg 1024w, https:\/\/planoziigo.com.br\/fortaleza\/wp-content\/uploads\/2021\/08\/contato-768x512.jpg 768w, https:\/\/planoziigo.com.br\/fortaleza\/wp-content\/uploads\/2021\/08\/contato-1536x1024.jpg 1536w, https:\/\/planoziigo.com.br\/fortaleza\/wp-content\/uploads\/2021\/08\/contato-1568x1045.jpg 1568w\" sizes=\"(max-width: 1920px) 100vw, 1920px\" style=\"width:100%;height:66.67%;max-width:1920px\" \/>\t\t\t\t\t\t\t\t\t\t\t\t\t\t\t<\/div>\n\t\t\t\t<\/div>\n\t\t\t\t<div class=\"elementor-element elementor-element-1109651b elementor-widget elementor-widget-text-editor\" data-id=\"1109651b\" data-element_type=\"widget\" data-widget_type=\"text-editor.default\">\n\t\t\t\t<div class=\"elementor-widget-container\">\n\t\t\t\t\t\t\t<p>Para obter mais informa\u00e7\u00f5es ou tirar suas d\u00favidas, preencha os dados, que entraremos em contato com voc\u00ea.<\/p>\t\t\t\t\t\t<\/div>\n\t\t\t\t<\/div>\n\t\t\t\t\t<\/div>\n\t\t<\/div>\n\t\t\t\t\t\t\t<\/div>\n\t\t<\/section>\n\t\t\t\t\t\t<\/div>\n\t\t\t\t\t<\/div>\n\t\t","protected":false},"excerpt":{"rendered":"<p>Contato Nome Completo* E-mail* Celular* Mensagem* Para obter mais informa\u00e7\u00f5es ou tirar suas d\u00favidas, preencha os dados, que entraremos em contato com voc\u00ea.<\/p>\n","protected":false},"author":1,"featured_media":0,"parent":0,"menu_order":0,"comment_status":"closed","ping_status":"closed","template":"elementor_header_footer","meta":[],"yoast_head":"<!-- This site is optimized with the Yoast SEO plugin v17.0 - https:\/\/yoast.com\/wordpress\/plugins\/seo\/ -->\n<title>Contato - Plano Ziigo<\/title>\n<meta name=\"robots\" content=\"index, follow, max-snippet:-1, max-image-preview:large, max-video-preview:-1\" \/>\n<link rel=\"canonical\" href=\"https:\/\/planoziigo.com.br\/fortaleza\/contato\/\" \/>\n<meta property=\"og:locale\" content=\"pt_BR\" \/>\n<meta property=\"og:type\" content=\"article\" \/>\n<meta property=\"og:title\" content=\"Contato - Plano Ziigo\" \/>\n<meta property=\"og:description\" content=\"Contato Nome Completo* E-mail* Celular* Mensagem* Para obter mais informa\u00e7\u00f5es ou tirar suas d\u00favidas, preencha os dados, que entraremos em contato com voc\u00ea.\" \/>\n<meta property=\"og:url\" content=\"https:\/\/planoziigo.com.br\/fortaleza\/contato\/\" \/>\n<meta property=\"og:site_name\" content=\"Plano Ziigo\" \/>\n<meta property=\"article:modified_time\" content=\"2021-08-20T18:42:26+00:00\" \/>\n<meta property=\"og:image\" content=\"https:\/\/planoziigo.com.br\/fortaleza\/wp-content\/uploads\/2021\/08\/contato.jpg\" \/>\n<meta name=\"twitter:card\" content=\"summary_large_image\" \/>\n<meta name=\"twitter:label1\" content=\"Est. tempo de leitura\" \/>\n\t<meta name=\"twitter:data1\" content=\"1 minuto\" \/>\n<script type=\"application\/ld+json\" class=\"yoast-schema-graph\">{\"@context\":\"https:\/\/schema.org\",\"@graph\":[{\"@type\":\"WebSite\",\"@id\":\"https:\/\/planoziigo.com.br\/fortaleza\/#website\",\"url\":\"https:\/\/planoziigo.com.br\/fortaleza\/\",\"name\":\"Plano Ziigo\",\"description\":\"S\\u00f3 mais um site WordPress\",\"potentialAction\":[{\"@type\":\"SearchAction\",\"target\":{\"@type\":\"EntryPoint\",\"urlTemplate\":\"https:\/\/planoziigo.com.br\/fortaleza\/?s={search_term_string}\"},\"query-input\":\"required name=search_term_string\"}],\"inLanguage\":\"pt-BR\"},{\"@type\":\"ImageObject\",\"@id\":\"https:\/\/planoziigo.com.br\/fortaleza\/contato\/#primaryimage\",\"inLanguage\":\"pt-BR\",\"url\":\"https:\/\/planoziigo.com.br\/fortaleza\/wp-content\/uploads\/2021\/08\/contato.jpg\",\"contentUrl\":\"https:\/\/planoziigo.com.br\/fortaleza\/wp-content\/uploads\/2021\/08\/contato.jpg\",\"width\":1920,\"height\":1280},{\"@type\":\"WebPage\",\"@id\":\"https:\/\/planoziigo.com.br\/fortaleza\/contato\/#webpage\",\"url\":\"https:\/\/planoziigo.com.br\/fortaleza\/contato\/\",\"name\":\"Contato - Plano Ziigo\",\"isPartOf\":{\"@id\":\"https:\/\/planoziigo.com.br\/fortaleza\/#website\"},\"primaryImageOfPage\":{\"@id\":\"https:\/\/planoziigo.com.br\/fortaleza\/contato\/#primaryimage\"},\"datePublished\":\"2021-08-10T19:42:55+00:00\",\"dateModified\":\"2021-08-20T18:42:26+00:00\",\"breadcrumb\":{\"@id\":\"https:\/\/planoziigo.com.br\/fortaleza\/contato\/#breadcrumb\"},\"inLanguage\":\"pt-BR\",\"potentialAction\":[{\"@type\":\"ReadAction\",\"target\":[\"https:\/\/planoziigo.com.br\/fortaleza\/contato\/\"]}]},{\"@type\":\"BreadcrumbList\",\"@id\":\"https:\/\/planoziigo.com.br\/fortaleza\/contato\/#breadcrumb\",\"itemListElement\":[{\"@type\":\"ListItem\",\"position\":1,\"name\":\"Contato\"}]}]}<\/script>\n<!-- \/ Yoast SEO plugin. -->","yoast_head_json":{"title":"Contato - Plano Ziigo","robots":{"index":"index","follow":"follow","max-snippet":"max-snippet:-1","max-image-preview":"max-image-preview:large","max-video-preview":"max-video-preview:-1"},"canonical":"https:\/\/planoziigo.com.br\/fortaleza\/contato\/","og_locale":"pt_BR","og_type":"article","og_title":"Contato - Plano Ziigo","og_description":"Contato Nome Completo* E-mail* Celular* Mensagem* Para obter mais informa\u00e7\u00f5es ou tirar suas d\u00favidas, preencha os dados, que entraremos em contato com voc\u00ea.","og_url":"https:\/\/planoziigo.com.br\/fortaleza\/contato\/","og_site_name":"Plano Ziigo","article_modified_time":"2021-08-20T18:42:26+00:00","og_image":[{"url":"https:\/\/planoziigo.com.br\/fortaleza\/wp-content\/uploads\/2021\/08\/contato.jpg"}],"twitter_card":"summary_large_image","twitter_misc":{"Est. tempo de leitura":"1 minuto"},"schema":{"@context":"https:\/\/schema.org","@graph":[{"@type":"WebSite","@id":"https:\/\/planoziigo.com.br\/fortaleza\/#website","url":"https:\/\/planoziigo.com.br\/fortaleza\/","name":"Plano Ziigo","description":"S\u00f3 mais um site WordPress","potentialAction":[{"@type":"SearchAction","target":{"@type":"EntryPoint","urlTemplate":"https:\/\/planoziigo.com.br\/fortaleza\/?s={search_term_string}"},"query-input":"required name=search_term_string"}],"inLanguage":"pt-BR"},{"@type":"ImageObject","@id":"https:\/\/planoziigo.com.br\/fortaleza\/contato\/#primaryimage","inLanguage":"pt-BR","url":"https:\/\/planoziigo.com.br\/fortaleza\/wp-content\/uploads\/2021\/08\/contato.jpg","contentUrl":"https:\/\/planoziigo.com.br\/fortaleza\/wp-content\/uploads\/2021\/08\/contato.jpg","width":1920,"height":1280},{"@type":"WebPage","@id":"https:\/\/planoziigo.com.br\/fortaleza\/contato\/#webpage","url":"https:\/\/planoziigo.com.br\/fortaleza\/contato\/","name":"Contato - Plano Ziigo","isPartOf":{"@id":"https:\/\/planoziigo.com.br\/fortaleza\/#website"},"primaryImageOfPage":{"@id":"https:\/\/planoziigo.com.br\/fortaleza\/contato\/#primaryimage"},"datePublished":"2021-08-10T19:42:55+00:00","dateModified":"2021-08-20T18:42:26+00:00","breadcrumb":{"@id":"https:\/\/planoziigo.com.br\/fortaleza\/contato\/#breadcrumb"},"inLanguage":"pt-BR","potentialAction":[{"@type":"ReadAction","target":["https:\/\/planoziigo.com.br\/fortaleza\/contato\/"]}]},{"@type":"BreadcrumbList","@id":"https:\/\/planoziigo.com.br\/fortaleza\/contato\/#breadcrumb","itemListElement":[{"@type":"ListItem","position":1,"name":"Contato"}]}]}},"_links":{"self":[{"href":"https:\/\/planoziigo.com.br\/fortaleza\/wp-json\/wp\/v2\/pages\/330"}],"collection":[{"href":"https:\/\/planoziigo.com.br\/fortaleza\/wp-json\/wp\/v2\/pages"}],"about":[{"href":"https:\/\/planoziigo.com.br\/fortaleza\/wp-json\/wp\/v2\/types\/page"}],"author":[{"embeddable":true,"href":"https:\/\/planoziigo.com.br\/fortaleza\/wp-json\/wp\/v2\/users\/1"}],"replies":[{"embeddable":true,"href":"https:\/\/planoziigo.com.br\/fortaleza\/wp-json\/wp\/v2\/comments?post=330"}],"version-history":[{"count":19,"href":"https:\/\/planoziigo.com.br\/fortaleza\/wp-json\/wp\/v2\/pages\/330\/revisions"}],"predecessor-version":[{"id":1022,"href":"https:\/\/planoziigo.com.br\/fortaleza\/wp-json\/wp\/v2\/pages\/330\/revisions\/1022"}],"wp:attachment":[{"href":"https:\/\/planoziigo.com.br\/fortaleza\/wp-json\/wp\/v2\/media?parent=330"}],"curies":[{"name":"wp","href":"https:\/\/api.w.org\/{rel}","templated":true}]}}