{"id":214,"date":"2021-08-09T17:28:13","date_gmt":"2021-08-09T20:28:13","guid":{"rendered":"https:\/\/planoziigo.com.br\/fortaleza\/?page_id=214"},"modified":"2021-09-21T11:49:58","modified_gmt":"2021-09-21T14:49:58","slug":"quem-somos","status":"publish","type":"page","link":"https:\/\/planoziigo.com.br\/fortaleza\/quem-somos\/","title":{"rendered":"Quem somos"},"content":{"rendered":"\t\t<div data-elementor-type=\"wp-page\" data-elementor-id=\"214\" class=\"elementor elementor-214\" data-elementor-settings=\"[]\">\n\t\t\t\t\t\t\t<div class=\"elementor-section-wrap\">\n\t\t\t\t\t\t\t<section class=\"elementor-section elementor-top-section elementor-element elementor-element-72183868 elementor-section-boxed elementor-section-height-default elementor-section-height-default\" data-id=\"72183868\" data-element_type=\"section\" data-settings=\"{&quot;background_background&quot;:&quot;classic&quot;}\">\n\t\t\t\t\t\t\t<div class=\"elementor-background-overlay\"><\/div>\n\t\t\t\t\t\t\t<div class=\"elementor-container elementor-column-gap-default\">\n\t\t\t\t\t<div class=\"elementor-column elementor-col-100 elementor-top-column elementor-element elementor-element-75e7cc35\" data-id=\"75e7cc35\" data-element_type=\"column\">\n\t\t\t<div class=\"elementor-widget-wrap elementor-element-populated\">\n\t\t\t\t\t\t\t\t<div class=\"elementor-element elementor-element-28edcb0a elementor-invisible elementor-widget elementor-widget-heading\" data-id=\"28edcb0a\" data-element_type=\"widget\" data-settings=\"{&quot;_animation&quot;:&quot;fadeInRight&quot;}\" data-widget_type=\"heading.default\">\n\t\t\t\t<div class=\"elementor-widget-container\">\n\t\t\t<h1 class=\"elementor-heading-title elementor-size-default\">Quem somos<\/h1>\t\t<\/div>\n\t\t\t\t<\/div>\n\t\t\t\t\t<\/div>\n\t\t<\/div>\n\t\t\t\t\t\t\t<\/div>\n\t\t<\/section>\n\t\t\t\t<section class=\"elementor-section elementor-top-section elementor-element elementor-element-5988514f elementor-section-boxed elementor-section-height-default elementor-section-height-default\" data-id=\"5988514f\" data-element_type=\"section\">\n\t\t\t\t\t\t<div class=\"elementor-container elementor-column-gap-default\">\n\t\t\t\t\t<div class=\"elementor-column elementor-col-50 elementor-top-column elementor-element elementor-element-5c9d3065 elementor-invisible\" data-id=\"5c9d3065\" data-element_type=\"column\" data-settings=\"{&quot;animation&quot;:&quot;fadeInLeft&quot;}\">\n\t\t\t<div class=\"elementor-widget-wrap elementor-element-populated\">\n\t\t\t\t\t\t\t\t<div class=\"elementor-element elementor-element-44f2a587 elementor-widget elementor-widget-image\" data-id=\"44f2a587\" data-element_type=\"widget\" data-widget_type=\"image.default\">\n\t\t\t\t<div class=\"elementor-widget-container\">\n\t\t\t\t\t\t\t\t\t\t\t\t\t\t\t<img width=\"1024\" height=\"683\" src=\"https:\/\/planoziigo.com.br\/fortaleza\/wp-content\/uploads\/2021\/08\/quem.jpg\" class=\"attachment-full size-full\" alt=\"\" loading=\"lazy\" srcset=\"https:\/\/planoziigo.com.br\/fortaleza\/wp-content\/uploads\/2021\/08\/quem.jpg 1024w, https:\/\/planoziigo.com.br\/fortaleza\/wp-content\/uploads\/2021\/08\/quem-300x200.jpg 300w, https:\/\/planoziigo.com.br\/fortaleza\/wp-content\/uploads\/2021\/08\/quem-768x512.jpg 768w\" sizes=\"(max-width: 1024px) 100vw, 1024px\" style=\"width:100%;height:66.7%;max-width:1024px\" \/>\t\t\t\t\t\t\t\t\t\t\t\t\t\t\t<\/div>\n\t\t\t\t<\/div>\n\t\t\t\t\t<\/div>\n\t\t<\/div>\n\t\t\t\t<div class=\"elementor-column elementor-col-50 elementor-top-column elementor-element elementor-element-108d867d elementor-invisible\" data-id=\"108d867d\" data-element_type=\"column\" data-settings=\"{&quot;animation&quot;:&quot;fadeInDown&quot;}\">\n\t\t\t<div class=\"elementor-widget-wrap elementor-element-populated\">\n\t\t\t\t\t\t\t\t<div class=\"elementor-element elementor-element-1109651b elementor-widget elementor-widget-text-editor\" data-id=\"1109651b\" data-element_type=\"widget\" data-widget_type=\"text-editor.default\">\n\t\t\t\t<div class=\"elementor-widget-container\">\n\t\t\t\t\t\t\t<p>Todos merecem viver em paz, sem se preocupar com o momento de sua partida. Planejar esta etapa \u00e9 importante para que seus familiares estejam amparados e n\u00e3o se preocupem com o desgaste emocional em lidar com todas as burocracias, al\u00e9m dos altos valores envolvidos.<b><\/b><\/p><p><b>\u00a0<\/b><\/p><p>Pensando nisso, criamos o\u00a0<strong>Plano de Assist\u00eancia Familiar Funeral Ziigo.\u00a0<\/strong>Queremos possibilitar que todos tenham acesso a um fim digno com cuidados que esse momento merece.<\/p>\t\t\t\t\t\t<\/div>\n\t\t\t\t<\/div>\n\t\t\t\t\t<\/div>\n\t\t<\/div>\n\t\t\t\t\t\t\t<\/div>\n\t\t<\/section>\n\t\t\t\t\t\t<\/div>\n\t\t\t\t\t<\/div>\n\t\t","protected":false},"excerpt":{"rendered":"<p>Quem somos Todos merecem viver em paz, sem se preocupar com o momento de sua partida. Planejar esta etapa \u00e9 importante para que seus familiares estejam amparados e n\u00e3o se preocupem com o desgaste emocional em lidar com todas as burocracias, al\u00e9m dos altos valores envolvidos. \u00a0 Pensando nisso, criamos o\u00a0Plano de Assist\u00eancia Familiar Funeral&hellip; <a class=\"more-link\" href=\"https:\/\/planoziigo.com.br\/fortaleza\/quem-somos\/\">Continuar lendo <span class=\"screen-reader-text\">Quem somos<\/span><\/a><\/p>\n","protected":false},"author":1,"featured_media":0,"parent":0,"menu_order":0,"comment_status":"closed","ping_status":"closed","template":"elementor_header_footer","meta":[],"yoast_head":"<!-- This site is optimized with the Yoast SEO plugin v17.0 - https:\/\/yoast.com\/wordpress\/plugins\/seo\/ -->\n<title>Quem somos - Plano Ziigo<\/title>\n<meta name=\"robots\" content=\"index, follow, max-snippet:-1, max-image-preview:large, max-video-preview:-1\" \/>\n<link rel=\"canonical\" href=\"https:\/\/planoziigo.com.br\/fortaleza\/quem-somos\/\" \/>\n<meta property=\"og:locale\" content=\"pt_BR\" \/>\n<meta property=\"og:type\" content=\"article\" \/>\n<meta property=\"og:title\" content=\"Quem somos - Plano Ziigo\" \/>\n<meta property=\"og:description\" content=\"Quem somos Todos merecem viver em paz, sem se preocupar com o momento de sua partida. Planejar esta etapa \u00e9 importante para que seus familiares estejam amparados e n\u00e3o se preocupem com o desgaste emocional em lidar com todas as burocracias, al\u00e9m dos altos valores envolvidos. \u00a0 Pensando nisso, criamos o\u00a0Plano de Assist\u00eancia Familiar Funeral&hellip; Continuar lendo Quem somos\" \/>\n<meta property=\"og:url\" content=\"https:\/\/planoziigo.com.br\/fortaleza\/quem-somos\/\" \/>\n<meta property=\"og:site_name\" content=\"Plano Ziigo\" \/>\n<meta property=\"article:modified_time\" content=\"2021-09-21T14:49:58+00:00\" \/>\n<meta property=\"og:image\" content=\"https:\/\/planoziigo.com.br\/fortaleza\/wp-content\/uploads\/2021\/08\/quem.jpg\" \/>\n<meta name=\"twitter:card\" content=\"summary_large_image\" \/>\n<meta name=\"twitter:label1\" content=\"Est. tempo de leitura\" \/>\n\t<meta name=\"twitter:data1\" content=\"1 minuto\" \/>\n<script type=\"application\/ld+json\" class=\"yoast-schema-graph\">{\"@context\":\"https:\/\/schema.org\",\"@graph\":[{\"@type\":\"WebSite\",\"@id\":\"https:\/\/planoziigo.com.br\/fortaleza\/#website\",\"url\":\"https:\/\/planoziigo.com.br\/fortaleza\/\",\"name\":\"Plano Ziigo\",\"description\":\"S\\u00f3 mais um site WordPress\",\"potentialAction\":[{\"@type\":\"SearchAction\",\"target\":{\"@type\":\"EntryPoint\",\"urlTemplate\":\"https:\/\/planoziigo.com.br\/fortaleza\/?s={search_term_string}\"},\"query-input\":\"required name=search_term_string\"}],\"inLanguage\":\"pt-BR\"},{\"@type\":\"ImageObject\",\"@id\":\"https:\/\/planoziigo.com.br\/fortaleza\/quem-somos\/#primaryimage\",\"inLanguage\":\"pt-BR\",\"url\":\"https:\/\/planoziigo.com.br\/fortaleza\/wp-content\/uploads\/2021\/08\/quem.jpg\",\"contentUrl\":\"https:\/\/planoziigo.com.br\/fortaleza\/wp-content\/uploads\/2021\/08\/quem.jpg\",\"width\":1024,\"height\":683},{\"@type\":\"WebPage\",\"@id\":\"https:\/\/planoziigo.com.br\/fortaleza\/quem-somos\/#webpage\",\"url\":\"https:\/\/planoziigo.com.br\/fortaleza\/quem-somos\/\",\"name\":\"Quem somos - Plano Ziigo\",\"isPartOf\":{\"@id\":\"https:\/\/planoziigo.com.br\/fortaleza\/#website\"},\"primaryImageOfPage\":{\"@id\":\"https:\/\/planoziigo.com.br\/fortaleza\/quem-somos\/#primaryimage\"},\"datePublished\":\"2021-08-09T20:28:13+00:00\",\"dateModified\":\"2021-09-21T14:49:58+00:00\",\"breadcrumb\":{\"@id\":\"https:\/\/planoziigo.com.br\/fortaleza\/quem-somos\/#breadcrumb\"},\"inLanguage\":\"pt-BR\",\"potentialAction\":[{\"@type\":\"ReadAction\",\"target\":[\"https:\/\/planoziigo.com.br\/fortaleza\/quem-somos\/\"]}]},{\"@type\":\"BreadcrumbList\",\"@id\":\"https:\/\/planoziigo.com.br\/fortaleza\/quem-somos\/#breadcrumb\",\"itemListElement\":[{\"@type\":\"ListItem\",\"position\":1,\"name\":\"Quem somos\"}]}]}<\/script>\n<!-- \/ Yoast SEO plugin. -->","yoast_head_json":{"title":"Quem somos - Plano Ziigo","robots":{"index":"index","follow":"follow","max-snippet":"max-snippet:-1","max-image-preview":"max-image-preview:large","max-video-preview":"max-video-preview:-1"},"canonical":"https:\/\/planoziigo.com.br\/fortaleza\/quem-somos\/","og_locale":"pt_BR","og_type":"article","og_title":"Quem somos - Plano Ziigo","og_description":"Quem somos Todos merecem viver em paz, sem se preocupar com o momento de sua partida. Planejar esta etapa \u00e9 importante para que seus familiares estejam amparados e n\u00e3o se preocupem com o desgaste emocional em lidar com todas as burocracias, al\u00e9m dos altos valores envolvidos. \u00a0 Pensando nisso, criamos o\u00a0Plano de Assist\u00eancia Familiar Funeral&hellip; Continuar lendo Quem somos","og_url":"https:\/\/planoziigo.com.br\/fortaleza\/quem-somos\/","og_site_name":"Plano Ziigo","article_modified_time":"2021-09-21T14:49:58+00:00","og_image":[{"url":"https:\/\/planoziigo.com.br\/fortaleza\/wp-content\/uploads\/2021\/08\/quem.jpg"}],"twitter_card":"summary_large_image","twitter_misc":{"Est. tempo de leitura":"1 minuto"},"schema":{"@context":"https:\/\/schema.org","@graph":[{"@type":"WebSite","@id":"https:\/\/planoziigo.com.br\/fortaleza\/#website","url":"https:\/\/planoziigo.com.br\/fortaleza\/","name":"Plano Ziigo","description":"S\u00f3 mais um site WordPress","potentialAction":[{"@type":"SearchAction","target":{"@type":"EntryPoint","urlTemplate":"https:\/\/planoziigo.com.br\/fortaleza\/?s={search_term_string}"},"query-input":"required name=search_term_string"}],"inLanguage":"pt-BR"},{"@type":"ImageObject","@id":"https:\/\/planoziigo.com.br\/fortaleza\/quem-somos\/#primaryimage","inLanguage":"pt-BR","url":"https:\/\/planoziigo.com.br\/fortaleza\/wp-content\/uploads\/2021\/08\/quem.jpg","contentUrl":"https:\/\/planoziigo.com.br\/fortaleza\/wp-content\/uploads\/2021\/08\/quem.jpg","width":1024,"height":683},{"@type":"WebPage","@id":"https:\/\/planoziigo.com.br\/fortaleza\/quem-somos\/#webpage","url":"https:\/\/planoziigo.com.br\/fortaleza\/quem-somos\/","name":"Quem somos - Plano Ziigo","isPartOf":{"@id":"https:\/\/planoziigo.com.br\/fortaleza\/#website"},"primaryImageOfPage":{"@id":"https:\/\/planoziigo.com.br\/fortaleza\/quem-somos\/#primaryimage"},"datePublished":"2021-08-09T20:28:13+00:00","dateModified":"2021-09-21T14:49:58+00:00","breadcrumb":{"@id":"https:\/\/planoziigo.com.br\/fortaleza\/quem-somos\/#breadcrumb"},"inLanguage":"pt-BR","potentialAction":[{"@type":"ReadAction","target":["https:\/\/planoziigo.com.br\/fortaleza\/quem-somos\/"]}]},{"@type":"BreadcrumbList","@id":"https:\/\/planoziigo.com.br\/fortaleza\/quem-somos\/#breadcrumb","itemListElement":[{"@type":"ListItem","position":1,"name":"Quem somos"}]}]}},"_links":{"self":[{"href":"https:\/\/planoziigo.com.br\/fortaleza\/wp-json\/wp\/v2\/pages\/214"}],"collection":[{"href":"https:\/\/planoziigo.com.br\/fortaleza\/wp-json\/wp\/v2\/pages"}],"about":[{"href":"https:\/\/planoziigo.com.br\/fortaleza\/wp-json\/wp\/v2\/types\/page"}],"author":[{"embeddable":true,"href":"https:\/\/planoziigo.com.br\/fortaleza\/wp-json\/wp\/v2\/users\/1"}],"replies":[{"embeddable":true,"href":"https:\/\/planoziigo.com.br\/fortaleza\/wp-json\/wp\/v2\/comments?post=214"}],"version-history":[{"count":40,"href":"https:\/\/planoziigo.com.br\/fortaleza\/wp-json\/wp\/v2\/pages\/214\/revisions"}],"predecessor-version":[{"id":1516,"href":"https:\/\/planoziigo.com.br\/fortaleza\/wp-json\/wp\/v2\/pages\/214\/revisions\/1516"}],"wp:attachment":[{"href":"https:\/\/planoziigo.com.br\/fortaleza\/wp-json\/wp\/v2\/media?parent=214"}],"curies":[{"name":"wp","href":"https:\/\/api.w.org\/{rel}","templated":true}]}}